{"id":234,"date":"2025-05-25T16:36:12","date_gmt":"2025-05-25T14:36:12","guid":{"rendered":"https:\/\/szilisuli.hu\/?page_id=234"},"modified":"2025-12-02T19:44:38","modified_gmt":"2025-12-02T18:44:38","slug":"tanoran-kivul","status":"publish","type":"page","link":"https:\/\/szilisuli.hu\/?page_id=234","title":{"rendered":"Tan\u00f3r\u00e1n k\u00edv\u00fcl"},"content":{"rendered":"\n<p style=\"margin-top:var(--wp--preset--spacing--60);margin-bottom:var(--wp--preset--spacing--60)\">Iskol\u00e1nkban t\u00f6bb tan\u00f3r\u00e1n k\u00edv\u00fcli elfoglalts\u00e1g k\u00f6z\u00fcl v\u00e1laszthatnak a tanul\u00f3k.  <\/p>\n\n\n\n<figure class=\"wp-block-image alignleft size-large\"><img loading=\"lazy\" decoding=\"async\" width=\"1024\" height=\"768\" src=\"https:\/\/szilisuli.hu\/wp-content\/uploads\/2025\/05\/IMG_20250426_142123-1024x768.jpg\" alt=\"\" class=\"wp-image-236\" srcset=\"https:\/\/szilisuli.hu\/wp-content\/uploads\/2025\/05\/IMG_20250426_142123-1024x768.jpg 1024w, https:\/\/szilisuli.hu\/wp-content\/uploads\/2025\/05\/IMG_20250426_142123-300x225.jpg 300w, https:\/\/szilisuli.hu\/wp-content\/uploads\/2025\/05\/IMG_20250426_142123-768x576.jpg 768w, https:\/\/szilisuli.hu\/wp-content\/uploads\/2025\/05\/IMG_20250426_142123-1536x1152.jpg 1536w, https:\/\/szilisuli.hu\/wp-content\/uploads\/2025\/05\/IMG_20250426_142123-2048x1536.jpg 2048w\" sizes=\"auto, (max-width: 1024px) 100vw, 1024px\" \/><\/figure>\n\n\n\n<p>Ide lehet az iskolakertr\u0151l sz\u00f6veget \u00edrni.<\/p>\n","protected":false},"excerpt":{"rendered":"<p>Iskol\u00e1nkban t\u00f6bb tan\u00f3r\u00e1n k\u00edv\u00fcli elfoglalts\u00e1g k\u00f6z\u00fcl v\u00e1laszthatnak a tanul\u00f3k. Ide lehet az iskolakertr\u0151l sz\u00f6veget \u00edrni.<\/p>\n","protected":false},"author":1,"featured_media":328,"parent":0,"menu_order":0,"comment_status":"closed","ping_status":"closed","template":"","meta":{"footnotes":""},"class_list":["post-234","page","type-page","status-publish","has-post-thumbnail","hentry"],"_links":{"self":[{"href":"https:\/\/szilisuli.hu\/index.php?rest_route=\/wp\/v2\/pages\/234","targetHints":{"allow":["GET"]}}],"collection":[{"href":"https:\/\/szilisuli.hu\/index.php?rest_route=\/wp\/v2\/pages"}],"about":[{"href":"https:\/\/szilisuli.hu\/index.php?rest_route=\/wp\/v2\/types\/page"}],"author":[{"embeddable":true,"href":"https:\/\/szilisuli.hu\/index.php?rest_route=\/wp\/v2\/users\/1"}],"replies":[{"embeddable":true,"href":"https:\/\/szilisuli.hu\/index.php?rest_route=%2Fwp%2Fv2%2Fcomments&post=234"}],"version-history":[{"count":7,"href":"https:\/\/szilisuli.hu\/index.php?rest_route=\/wp\/v2\/pages\/234\/revisions"}],"predecessor-version":[{"id":329,"href":"https:\/\/szilisuli.hu\/index.php?rest_route=\/wp\/v2\/pages\/234\/revisions\/329"}],"wp:featuredmedia":[{"embeddable":true,"href":"https:\/\/szilisuli.hu\/index.php?rest_route=\/wp\/v2\/media\/328"}],"wp:attachment":[{"href":"https:\/\/szilisuli.hu\/index.php?rest_route=%2Fwp%2Fv2%2Fmedia&parent=234"}],"curies":[{"name":"wp","href":"https:\/\/api.w.org\/{rel}","templated":true}]}}