{"id":218,"date":"2025-05-25T16:27:06","date_gmt":"2025-05-25T14:27:06","guid":{"rendered":"https:\/\/szilisuli.hu\/?page_id=218"},"modified":"2025-05-25T16:31:50","modified_gmt":"2025-05-25T14:31:50","slug":"dokumentumok","status":"publish","type":"page","link":"https:\/\/szilisuli.hu\/?page_id=218","title":{"rendered":"Dokumentumok"},"content":{"rendered":"\n<p>Itt tal\u00e1lja az iskol\u00e1nkhoz k\u00f6t\u0151d\u0151 hivatalos dokumentumokat!<\/p>\n\n\n\n<div class=\"wp-block-file\"><a id=\"wp-block-file--media-3d24bb3a-425e-43ad-b263-b41adff6774c\" href=\"https:\/\/szilisuli.hu\/wp-content\/uploads\/2025\/05\/Hazirend.pdf\" target=\"_blank\" rel=\"noreferrer noopener\">H\u00e1zirend<\/a><a href=\"https:\/\/szilisuli.hu\/wp-content\/uploads\/2025\/05\/Hazirend.pdf\" class=\"wp-block-file__button wp-element-button\" download aria-describedby=\"wp-block-file--media-3d24bb3a-425e-43ad-b263-b41adff6774c\">Let\u00f6lt\u00e9s<\/a><\/div>\n\n\n\n<div class=\"wp-block-file\"><a id=\"wp-block-file--media-c6b87dae-efd6-4b5f-8196-3e2e14554efb\" href=\"https:\/\/szilisuli.hu\/wp-content\/uploads\/2025\/05\/Szervezeti-es-mukodesi-szabalyzat-1.pdf\">Szervezeti \u00e9s m\u0171k\u00f6d\u00e9si szab\u00e1lyzat<\/a><a href=\"https:\/\/szilisuli.hu\/wp-content\/uploads\/2025\/05\/Szervezeti-es-mukodesi-szabalyzat-1.pdf\" class=\"wp-block-file__button wp-element-button\" download aria-describedby=\"wp-block-file--media-c6b87dae-efd6-4b5f-8196-3e2e14554efb\">Let\u00f6lt\u00e9s<\/a><\/div>\n\n\n\n<div class=\"wp-block-file\"><a id=\"wp-block-file--media-e9264738-3fd5-4aa5-9a20-e9a7e5e83278\" href=\"https:\/\/szilisuli.hu\/wp-content\/uploads\/2025\/05\/Munkaterv-2024-25.pdf\">Munkaterv 2024-25.<\/a><a href=\"https:\/\/szilisuli.hu\/wp-content\/uploads\/2025\/05\/Munkaterv-2024-25.pdf\" class=\"wp-block-file__button wp-element-button\" download aria-describedby=\"wp-block-file--media-e9264738-3fd5-4aa5-9a20-e9a7e5e83278\">Let\u00f6lt\u00e9s<\/a><\/div>\n\n\n\n<div class=\"wp-block-file\"><a id=\"wp-block-file--media-a442fa0d-5794-4993-94e8-a6da7a18f439\" href=\"https:\/\/szilisuli.hu\/wp-content\/uploads\/2025\/05\/Okoiskolai-munkaterv.pdf\">\u00d6koiskolai munkaterv<\/a><a href=\"https:\/\/szilisuli.hu\/wp-content\/uploads\/2025\/05\/Okoiskolai-munkaterv.pdf\" class=\"wp-block-file__button wp-element-button\" download aria-describedby=\"wp-block-file--media-a442fa0d-5794-4993-94e8-a6da7a18f439\">Let\u00f6lt\u00e9s<\/a><\/div>\n\n\n\n<div class=\"wp-block-file\"><a id=\"wp-block-file--media-56892bfd-e81e-4c3f-9295-7eb637a885df\" href=\"https:\/\/szilisuli.hu\/wp-content\/uploads\/2025\/05\/Pedagogiai-program.pdf\">Pedag\u00f3giai program<\/a><a href=\"https:\/\/szilisuli.hu\/wp-content\/uploads\/2025\/05\/Pedagogiai-program.pdf\" class=\"wp-block-file__button wp-element-button\" download aria-describedby=\"wp-block-file--media-56892bfd-e81e-4c3f-9295-7eb637a885df\">Let\u00f6lt\u00e9s<\/a><\/div>\n\n\n\n<p><\/p>\n","protected":false},"excerpt":{"rendered":"<p>Itt tal\u00e1lja az iskol\u00e1nkhoz k\u00f6t\u0151d\u0151 hivatalos dokumentumokat!<\/p>\n","protected":false},"author":1,"featured_media":0,"parent":0,"menu_order":0,"comment_status":"closed","ping_status":"closed","template":"","meta":{"footnotes":""},"class_list":["post-218","page","type-page","status-publish","hentry"],"_links":{"self":[{"href":"https:\/\/szilisuli.hu\/index.php?rest_route=\/wp\/v2\/pages\/218","targetHints":{"allow":["GET"]}}],"collection":[{"href":"https:\/\/szilisuli.hu\/index.php?rest_route=\/wp\/v2\/pages"}],"about":[{"href":"https:\/\/szilisuli.hu\/index.php?rest_route=\/wp\/v2\/types\/page"}],"author":[{"embeddable":true,"href":"https:\/\/szilisuli.hu\/index.php?rest_route=\/wp\/v2\/users\/1"}],"replies":[{"embeddable":true,"href":"https:\/\/szilisuli.hu\/index.php?rest_route=%2Fwp%2Fv2%2Fcomments&post=218"}],"version-history":[{"count":6,"href":"https:\/\/szilisuli.hu\/index.php?rest_route=\/wp\/v2\/pages\/218\/revisions"}],"predecessor-version":[{"id":232,"href":"https:\/\/szilisuli.hu\/index.php?rest_route=\/wp\/v2\/pages\/218\/revisions\/232"}],"wp:attachment":[{"href":"https:\/\/szilisuli.hu\/index.php?rest_route=%2Fwp%2Fv2%2Fmedia&parent=218"}],"curies":[{"name":"wp","href":"https:\/\/api.w.org\/{rel}","templated":true}]}}