{"id":121,"date":"2025-04-21T18:23:28","date_gmt":"2025-04-21T16:23:28","guid":{"rendered":"http:\/\/szilisuli.hu\/?page_id=121"},"modified":"2025-05-27T17:41:35","modified_gmt":"2025-05-27T15:41:35","slug":"kapcsolat","status":"publish","type":"page","link":"https:\/\/szilisuli.hu\/?page_id=121","title":{"rendered":"Kapcsolat"},"content":{"rendered":"\n<p class=\"has-text-align-center\">9326 Szil, D\u00f3zsa Gy\u00f6rgy utca 1.<br>Telefon: 06 96&nbsp;275&nbsp;202<br>E-mail: sziliskola@gmail.com<br>OM azonos\u00edt\u00f3: 030572<br>Igazgat\u00f3: Babosn\u00e9 Major Be\u00e1ta<br>Fenntart\u00f3: Soproni Tanker\u00fcleti K\u00f6zpont<\/p>\n\n\n\n<p class=\"has-text-align-center\">Telephelyek:<\/p>\n\n\n\n<p class=\"has-text-align-center\">Szili Szent Istv\u00e1n \u00c1ltal\u00e1nos Iskola V\u00e1g Telephely<br>9327 V\u00e1g, Templom utca 6.<\/p>\n\n\n\n<p class=\"has-text-align-center\">Szili Szent Istv\u00e1n \u00c1ltal\u00e1nos Iskola Egyed Telephely<\/p>\n\n\n\n<p class=\"has-text-align-center\">9314 Egyed, F\u0151 utca 7.<\/p>\n\n\n\n<p class=\"has-text-align-center\">Szili Szent Istv\u00e1n \u00c1ltal\u00e1nos Iskola R\u00e1bapord\u00e1ny Telephely<br>9146 R\u00e1bapord\u00e1ny, G\u00e9vay Wolff utca 53.<\/p>\n\n\n\n<p><\/p>\n","protected":false},"excerpt":{"rendered":"<p>9326 Szil, D\u00f3zsa Gy\u00f6rgy utca 1.Telefon: 06 96&nbsp;275&nbsp;202E-mail: sziliskola@gmail.comOM azonos\u00edt\u00f3: 030572Igazgat\u00f3: Babosn\u00e9 Major Be\u00e1taFenntart\u00f3: Soproni Tanker\u00fcleti K\u00f6zpont Telephelyek: Szili Szent Istv\u00e1n \u00c1ltal\u00e1nos Iskola V\u00e1g Telephely9327 V\u00e1g, Templom utca 6. Szili Szent Istv\u00e1n \u00c1ltal\u00e1nos Iskola Egyed Telephely 9314 Egyed, F\u0151 utca 7. Szili Szent Istv\u00e1n \u00c1ltal\u00e1nos Iskola R\u00e1bapord\u00e1ny Telephely9146 R\u00e1bapord\u00e1ny, G\u00e9vay Wolff utca 53.<\/p>\n","protected":false},"author":1,"featured_media":0,"parent":0,"menu_order":0,"comment_status":"closed","ping_status":"closed","template":"","meta":{"footnotes":""},"class_list":["post-121","page","type-page","status-publish","hentry"],"_links":{"self":[{"href":"https:\/\/szilisuli.hu\/index.php?rest_route=\/wp\/v2\/pages\/121","targetHints":{"allow":["GET"]}}],"collection":[{"href":"https:\/\/szilisuli.hu\/index.php?rest_route=\/wp\/v2\/pages"}],"about":[{"href":"https:\/\/szilisuli.hu\/index.php?rest_route=\/wp\/v2\/types\/page"}],"author":[{"embeddable":true,"href":"https:\/\/szilisuli.hu\/index.php?rest_route=\/wp\/v2\/users\/1"}],"replies":[{"embeddable":true,"href":"https:\/\/szilisuli.hu\/index.php?rest_route=%2Fwp%2Fv2%2Fcomments&post=121"}],"version-history":[{"count":14,"href":"https:\/\/szilisuli.hu\/index.php?rest_route=\/wp\/v2\/pages\/121\/revisions"}],"predecessor-version":[{"id":267,"href":"https:\/\/szilisuli.hu\/index.php?rest_route=\/wp\/v2\/pages\/121\/revisions\/267"}],"wp:attachment":[{"href":"https:\/\/szilisuli.hu\/index.php?rest_route=%2Fwp%2Fv2%2Fmedia&parent=121"}],"curies":[{"name":"wp","href":"https:\/\/api.w.org\/{rel}","templated":true}]}}